{"id":925,"date":"2021-10-26T16:36:18","date_gmt":"2021-10-26T14:36:18","guid":{"rendered":"http:\/\/alessandrabonomini.it\/?page_id=925"},"modified":"2021-10-28T18:10:43","modified_gmt":"2021-10-28T16:10:43","slug":"privacy","status":"publish","type":"page","link":"https:\/\/alessandrabonomini.it\/en\/privacy\/","title":{"rendered":"Privacy"},"content":{"rendered":"<p>INFORMATIVA TRATTAMENTO DATI PERSONALI EFFETTUATO A MEZZO COMPILAZIONE FORM DI CONTATTO SUL SITO INTERNET DEL TITOLARE EX ARTT 13 E 14 REG UE 679\/16.<\/p>\n<p>Gentile Utente, ALESSANDRA BONOMINI, mail info@alessandrabonomini.it, Tel. 348.8304111, in qualit\u00e0 di titolare del trattamento le fornisce le seguenti informazioni in merito al trattamento dei suoi dati personali:<\/p>\n<p>FINALITA\u2019 DEL TRATTAMENTO:<br \/>I suoi dati verranno trattati esclusivamente allo scopo di fornirle le informazioni richieste. A tale scopo la richiesta di informazioni verr\u00e0 indirizzata all\u2019ufficio competente e verr\u00e0 presa in carico da personale incaricato e debitamente formato al trattamento dei suoi dati in conformit\u00e0 alle disposizioni del Reg Ue 679\/16.<\/p>\n<p>MODALITA\u2019 DEL TRATTAMENTO: I dati personali a Lei richiesti dal Titolare verranno trattati nel rispetto delle disposizioni normative vigenti in materia di protezione dei dati personali ed esclusivamente da personale formalmente autorizzato ed adeguatamente formato allo svolgimento di operazioni di trattamento nel pieno rispetto della sua riservatezza.<br \/>Il trattamento sar\u00e0 esclusivamente informatizzato. Verranno adottate misure di sicurezza idonee preservare la integrit\u00e0, la riservatezza e la sicurezza dei suoi dati nell\u2019ambito del processo di trattamento in conformit\u00e0 con il disposto dell\u2019art 32 Reg Ue 679\/16<\/p>\n<p>Connessioni con certificati SSL per la crittografia dei dati passati tramite l\u2019accesso ai dati via WEB<br \/>Strumenti IPS (Intrusion Prevention System) gestiti attraverso apparati Fortinet (sistemi firewall e per il controllo della rete di ultima generazione) costantemente aggiornati.<br \/>Sistemi WAF (Web Application Firewall) gestiti attraverso apparati Fortinet costantemente aggiornati<br \/>Antivirus gestiti attraverso apparati Fortinet e ClamAV sui server di Posta costantemente aggiornati<br \/>Sistemi di logging avanzati (Sistema avanzato di controllo automatizzato dei log che attiva gli avvisi da minacce comuni o avvia automaticamente un\u2019indagine post incidente in risposta a un allarme).<br \/>Sistemi di Alert real-time con avvisi via email e sms (tutti i servizi vengono costantemente controllati e viene inviata una comunicazione immediata agli amministratori di sistema in caso di problematiche rilevate su ogni singolo servizio)<br \/>Servizi di back up periodici e continui dei dati depositati in sede.<br \/>I dati oggetto di conferimento non saranno diffusi, venduti, scambiati con soggetti terzi, salvo che per l\u2019adempimento di obblighi imposti da contratto o da disposizioni legislative e\/o regolamentari nazionali o comunitarie vigenti oppure in caso di integrazione di illeciti.<\/p>\n<p>I suoi dati non saranno oggetto di trattamento automatizzato, compresa la profilazione e non verranno ceduti a soggetti terzi e non verranno trasferiti in paesi extra Ue o ad organizzazioni internazionali.<\/p>\n<p>All\u2019atto della ricezione dei suoi dati personali saranno trattati esclusivamente da collaboratori opportunamente formati e formalmente autorizzati al trattamento dei suoi dati personali secondo le istruzioni impartite dal Titolare.<\/p>\n<p>TEMPI DI CONSERVAZIONE: La sua richiesta di informazioni ed i dati personali in essa contenuti verranno conservati per un periodo strettamente necessario alla elaborazione di una risposta ed in ogni caso per un periodo non superiore a 7 giorni decorrenti dalla data di ricezione della richiesta.<br \/>BASE GIURIDICA DEL TRATTAMENTO: Il Titolare proceder\u00e0 al trattamento dei dati relativi alla navigazione secondo le modalit\u00e0 e per le finalit\u00e0 indicate solo a condizione che Lei presti il proprio consenso.<br \/>La prestazione del consenso \u00e8 libera. La mancanza di consenso impedir\u00e0 all\u2019interessato di fruire del servizio del Titolare e non comporter\u00e0 alcuna ulteriore conseguenza.<\/p>\n<p>Il consenso da Lei prestato sar\u00e0 revocabile in qualunque momento mandando mail ai seguenti recapiti:<br \/>mail: info@alessandrabonomini.it , tel: 348.8304111<\/p>\n<p>DIRITTI DELL\u2019INTERESSATO: Lei potr\u00e0, in qualsiasi momento, esercitare i diritti riconosciuti dal Reg 679\/16 L\u2019esercizio dei suoi diritti potr\u00e0 avvenire attraverso l\u2019invio di una richiesta mediante email all\u2019indirizzo info@alessandrabonomini.it, oppure contattando il responsabile della protezione dei dati personali al seguente indirizzo mail info@alessandrabonomini.it<br \/>Diritto di accesso ai dati personali. Ai sensi e per gli effetti dell\u2019art 15 del Reg Ue 679\/16 avr\u00e0 diritto di ottenere dal Titolare del trattamento la conferma che sia o meno in corso un trattamento di dati personali che lo riguardano e in tal caso, di ottenere l\u2019accesso ai dati personali e alle seguenti informazioni: a) le finalit\u00e0 del trattamento; b) le categorie di dati personali in questione; c) i destinatari o le categorie di destinatari a cui i dati personali sono stati o saranno comunicati, in particolare se destinatari di paesi terzi o organizzazioni internazionali; d) quando possibile, il periodo di conservazione dei dati personali previsto oppure, se non \u00e8 possibile, i criteri utilizzati per determinare tale periodo; e) l\u2019esistenza del diritto dell\u2019interessato di chiedere al titolare del trattamento la rettifica o la cancellazione dei dati personali o la limitazione del trattamento dei dati personali che lo riguardano o di opporsi al loro trattamento; 96 GARANTE PER LA PROTEZIONE DEI DATI PERSONALI Art. 15 CAPO III \u2013 Diritti dell\u2019interessato f) il diritto di proporre reclamo a un?autorit? di controllo; g) qualora i dati non siano raccolti presso l\u2019interessato, tutte le informazioni disponibili sulla loro origine; h) l\u2019esistenza di un processo decisionale automatizzato, compresa la profilazione di cui all\u2019articolo 22, paragrafi 1 e 4, e, almeno in tali casi, informazioni significative sulla logica utilizzata, nonch\u00e8 l\u2019importanza e le conseguenze previste di tale trattamento per l\u2019interessato. 2. Qualora i dati personali siano trasferiti a un paese terzo o a un\u2019organizzazione internazionale, l\u2019interessato ha il diritto di essere informato dell\u2019esistenza di garanzie adeguate ai sensi dell?articolo 46 relative al trasferimento. Il titolare del trattamento fornir\u00e0 una copia dei dati personali oggetto di trattamento salvo il caso in cui il rilascio della copia risulti lesivo dei diritti e delle libert\u00e0 dell\u2019interessato. In caso di ulteriori copie richieste dall?interessato, il titolare del trattamento pu\u00f2 addebitare un contributo spese ragionevole basato sui costi amministrativi. i diritti e le libert\u00e0 altrui<br \/>Diritto alla rettifica ex art 16 Reg Ue 679\/16 L\u2019interessato ha il diritto di ottenere dal titolare del trattamento la rettifica dei dati personali inesatti che lo riguardano senza ingiustificato ritardo. Tenuto conto delle finalit\u00e0 del trattamento, avr\u00e0 altres\u00ec diritto ad ottenere la cancellazione dei dati personali che lo riguardano senza ingiustificato ritardo e il titolare del trattamento ha l\u2019obbligo di cancellare senza ingiustificato ritardo i dati personali, se sussiste uno dei motivi seguenti: a) i dati personali non sono pi\u00f9 necessari rispetto alle finalit\u00e0 per le quali sono stati raccolti o altrimenti trattati; b) l\u2019interessato revoca il consenso su cui si basa il trattamento conformemente all?articolo 6, paragrafo 1, lettera a), o all\u2019articolo 9, paragrafo 2, lettera a), e se non sussiste altro fondamento giuridico per il trattamento; c) l\u2019interessato si oppone al trattamento ai sensi dell\u2019articolo 21, paragrafo 1, e non sussiste alcun motivo legittimo prevalente per procedere al trattamento, oppure si oppone al trattamento ai sensi dell\u2019articolo 21, paragrafo 2; d) i dati personali sono stati trattati illecitamente; e) i dati personali devono essere cancellati per adempiere un obbligo legale previsto dal diritto dell\u2019Unione o dello Stato membro cui \u00e8 soggetto il titolare del trattamento;<br \/>Diritto di limitazione di trattamento. Ai sensi e per gli effetti dell\u2019art 18 del Reg Ue 679\/16 l\u2019interessato ha il diritto di ottenere dal titolare del trattamento la limitazione del trattamento quando ricorre una delle seguenti ipotesi: a) l\u2019interessato contesta l\u2019esattezza dei dati personali, per il periodo necessario al titolare del trattamento per verificare l?esattezza di tali dati personali; b) il trattamento \u00e8 illecito e l\u2019interessato si oppone alla cancellazione dei dati personali e chiede invece che ne sia limitato l\u2019utilizzo; c) bench\u00e8 il titolare del trattamento non ne abbia pi\u00f9 bisogno ai fini del trattamento, i dati personali sono necessari all\u2019interessato per l\u2019accertamento, l\u2019esercizio o la difesa di un diritto in sede giudiziaria; d) l\u2019interessato si \u00e8 opposto al trattamento ai sensi dell\u2019articolo 21, paragrafo 1, in attesa della verifica in merito all\u2019eventuale prevalenza dei motivi legittimi del titolare del trattamento rispetto a quelli dell\u2019interessato. 2. Se il trattamento \u00e8 limitato a norma del paragrafo 1, tali dati personali sono trattati, salvo che per la conservazione, soltanto con il consenso dell\u2019interessato o per l\u2019accertamento, l\u2019esercizio o la difesa di un diritto in sede giudiziaria oppure per tutelare i diritti di un\u2019altra persona fisica o giuridica o per motivi di interesse pubblico rilevante dell\u2019Unione o di uno Stato membro<br \/>Diritto di opposizione al trattamento. Ai sensi e per gli affetti di cui all\u2019art. 21 Reg Ue 679\/16 l\u2019interessato ha il diritto di opporsi in qualsiasi momento, per motivi connessi alla sua situazione particolare, al trattamento dei dati personali che lo riguardano ai sensi dell\u2019articolo 6, paragrafo 1, lettere e) o f), compresa la profilazione sulla base di tali disposizioni. Il titolare del trattamento si astiene dal trattare ulteriormente i dati personali salvo che egli dimostri l?esistenza di motivi legittimi cogenti per procedere al trattamento che prevalgono sugli interessi, sui diritti e sulle libert\u00e0 dell\u2019interessato oppure per l?accertamento, l\u2019esercizio o la difesa di un diritto in sede giudiziaria.<br \/>Diritto alla portabilit\u00e0 dei dati;<br \/>Diritto di revoca del consenso ai sensi e per gli effetti dell\u2019art 7 par 3 Reg Ue 679\/16, l\u2019interessato ha il diritto di revocare il proprio consenso in qualsiasi momento, prendendo contatti con il titolare alla mail info@alessandrabonomini.it . La revoca del consenso non pregiudica la liceit\u00e0 del trattamento basata sul consenso conferito prima della revoca di proporre reclamo all\u2019autorit\u00e0 Garante per la protezione dei dati personali.<\/p>\n","protected":false},"excerpt":{"rendered":"<p>INFORMATIVA TRATTAMENTO DATI PERSONALI EFFETTUATO A MEZZO COMPILAZIONE FORM DI CONTATTO SUL SITO INTERNET DEL TITOLARE EX ARTT 13 E 14 REG UE 679\/16. Gentile Utente, ALESSANDRA BONOMINI, mail info@alessandrabonomini.it, Tel. 348.8304111, in qualit\u00e0 di titolare del trattamento le fornisce le seguenti informazioni in merito al trattamento dei suoi dati personali: FINALITA\u2019 DEL TRATTAMENTO:I suoi [&hellip;]<\/p>\n","protected":false},"author":1,"featured_media":0,"parent":0,"menu_order":0,"comment_status":"closed","ping_status":"closed","template":"","meta":{"ocean_post_layout":"","ocean_both_sidebars_style":"","ocean_both_sidebars_content_width":0,"ocean_both_sidebars_sidebars_width":0,"ocean_sidebar":"0","ocean_second_sidebar":"0","ocean_disable_margins":"enable","ocean_add_body_class":"","ocean_shortcode_before_top_bar":"","ocean_shortcode_after_top_bar":"","ocean_shortcode_before_header":"","ocean_shortcode_after_header":"","ocean_has_shortcode":"","ocean_shortcode_after_title":"","ocean_shortcode_before_footer_widgets":"","ocean_shortcode_after_footer_widgets":"","ocean_shortcode_before_footer_bottom":"","ocean_shortcode_after_footer_bottom":"","ocean_display_top_bar":"default","ocean_display_header":"default","ocean_header_style":"","ocean_center_header_left_menu":"0","ocean_custom_header_template":"0","ocean_custom_logo":0,"ocean_custom_retina_logo":0,"ocean_custom_logo_max_width":0,"ocean_custom_logo_tablet_max_width":0,"ocean_custom_logo_mobile_max_width":0,"ocean_custom_logo_max_height":0,"ocean_custom_logo_tablet_max_height":0,"ocean_custom_logo_mobile_max_height":0,"ocean_header_custom_menu":"0","ocean_menu_typo_font_family":"0","ocean_menu_typo_font_subset":"","ocean_menu_typo_font_size":0,"ocean_menu_typo_font_size_tablet":0,"ocean_menu_typo_font_size_mobile":0,"ocean_menu_typo_font_size_unit":"px","ocean_menu_typo_font_weight":"","ocean_menu_typo_font_weight_tablet":"","ocean_menu_typo_font_weight_mobile":"","ocean_menu_typo_transform":"","ocean_menu_typo_transform_tablet":"","ocean_menu_typo_transform_mobile":"","ocean_menu_typo_line_height":0,"ocean_menu_typo_line_height_tablet":0,"ocean_menu_typo_line_height_mobile":0,"ocean_menu_typo_line_height_unit":"","ocean_menu_typo_spacing":0,"ocean_menu_typo_spacing_tablet":0,"ocean_menu_typo_spacing_mobile":0,"ocean_menu_typo_spacing_unit":"","ocean_menu_link_color":"","ocean_menu_link_color_hover":"","ocean_menu_link_color_active":"","ocean_menu_link_background":"","ocean_menu_link_hover_background":"","ocean_menu_link_active_background":"","ocean_menu_social_links_bg":"","ocean_menu_social_hover_links_bg":"","ocean_menu_social_links_color":"","ocean_menu_social_hover_links_color":"","ocean_disable_title":"default","ocean_disable_heading":"default","ocean_post_title":"","ocean_post_subheading":"","ocean_post_title_style":"","ocean_post_title_background_color":"","ocean_post_title_background":0,"ocean_post_title_bg_image_position":"","ocean_post_title_bg_image_attachment":"","ocean_post_title_bg_image_repeat":"","ocean_post_title_bg_image_size":"","ocean_post_title_height":0,"ocean_post_title_bg_overlay":0.5,"ocean_post_title_bg_overlay_color":"","ocean_disable_breadcrumbs":"default","ocean_breadcrumbs_color":"","ocean_breadcrumbs_separator_color":"","ocean_breadcrumbs_links_color":"","ocean_breadcrumbs_links_hover_color":"","ocean_display_footer_widgets":"default","ocean_display_footer_bottom":"default","ocean_custom_footer_template":"0","osh_disable_topbar_sticky":"default","osh_disable_header_sticky":"default","osh_sticky_header_style":"default","osh_sticky_header_effect":"","osh_custom_sticky_logo":0,"osh_custom_retina_sticky_logo":0,"osh_custom_sticky_logo_height":0,"osh_background_color":"","osh_links_color":"","osh_links_hover_color":"","osh_links_active_color":"","osh_links_bg_color":"","osh_links_hover_bg_color":"","osh_links_active_bg_color":"","osh_menu_social_links_color":"","osh_menu_social_hover_links_color":"","_vp_format_video_url":"","_vp_image_focal_point":[],"footnotes":""},"class_list":["post-925","page","type-page","status-publish","hentry","entry"],"translation":{"provider":"WPGlobus","version":"3.0.0","language":"en","enabled_languages":["it","en"],"languages":{"it":{"title":true,"content":true,"excerpt":false},"en":{"title":true,"content":true,"excerpt":false}}},"yoast_head":"<!-- This site is optimized with the Yoast SEO plugin v25.1 - https:\/\/yoast.com\/wordpress\/plugins\/seo\/ -->\n<title>Privacy - Alessanda Bonomini<\/title>\n<meta name=\"robots\" content=\"index, follow, max-snippet:-1, max-image-preview:large, max-video-preview:-1\" \/>\n<link rel=\"canonical\" href=\"https:\/\/alessandrabonomini.it\/privacy\/\" \/>\n<meta property=\"og:locale\" content=\"en_US\" \/>\n<meta property=\"og:type\" content=\"article\" \/>\n<meta property=\"og:title\" content=\"Privacy - Alessanda Bonomini\" \/>\n<meta property=\"og:url\" content=\"https:\/\/alessandrabonomini.it\/privacy\/\" \/>\n<meta property=\"og:site_name\" content=\"Alessanda Bonomini\" \/>\n<meta property=\"article:modified_time\" content=\"2021-10-28T16:10:43+00:00\" \/>\n<meta name=\"twitter:card\" content=\"summary_large_image\" \/>\n<meta name=\"twitter:label1\" content=\"Est. reading time\" \/>\n\t<meta name=\"twitter:data1\" content=\"15 minutes\" \/>\n<script type=\"application\/ld+json\" class=\"yoast-schema-graph\">{\"@context\":\"https:\/\/schema.org\",\"@graph\":[{\"@type\":\"WebPage\",\"@id\":\"https:\/\/alessandrabonomini.it\/privacy\/\",\"url\":\"https:\/\/alessandrabonomini.it\/privacy\/\",\"name\":\"Privacy - Alessanda Bonomini\",\"isPartOf\":{\"@id\":\"https:\/\/alessandrabonomini.it\/#website\"},\"datePublished\":\"2021-10-26T14:36:18+00:00\",\"dateModified\":\"2021-10-28T16:10:43+00:00\",\"breadcrumb\":{\"@id\":\"https:\/\/alessandrabonomini.it\/privacy\/#breadcrumb\"},\"inLanguage\":\"en-US\",\"potentialAction\":[{\"@type\":\"ReadAction\",\"target\":[\"https:\/\/alessandrabonomini.it\/privacy\/\"]}]},{\"@type\":\"BreadcrumbList\",\"@id\":\"https:\/\/alessandrabonomini.it\/privacy\/#breadcrumb\",\"itemListElement\":[{\"@type\":\"ListItem\",\"position\":1,\"name\":\"Home\",\"item\":\"https:\/\/alessandrabonomini.it\/\"},{\"@type\":\"ListItem\",\"position\":2,\"name\":\"Privacy\"}]},{\"@type\":\"WebSite\",\"@id\":\"https:\/\/alessandrabonomini.it\/#website\",\"url\":\"https:\/\/alessandrabonomini.it\/\",\"name\":\"Alessanda Bonomini\",\"description\":\"Alessanda Bonomini Artista Pittrice\",\"publisher\":{\"@id\":\"https:\/\/alessandrabonomini.it\/#organization\"},\"potentialAction\":[{\"@type\":\"SearchAction\",\"target\":{\"@type\":\"EntryPoint\",\"urlTemplate\":\"https:\/\/alessandrabonomini.it\/?s={search_term_string}\"},\"query-input\":{\"@type\":\"PropertyValueSpecification\",\"valueRequired\":true,\"valueName\":\"search_term_string\"}}],\"inLanguage\":\"en-US\"},{\"@type\":\"Organization\",\"@id\":\"https:\/\/alessandrabonomini.it\/#organization\",\"name\":\"Alessanda Bonomini\",\"url\":\"https:\/\/alessandrabonomini.it\/\",\"logo\":{\"@type\":\"ImageObject\",\"inLanguage\":\"en-US\",\"@id\":\"https:\/\/alessandrabonomini.it\/#\/schema\/logo\/image\/\",\"url\":\"https:\/\/alessandrabonomini.it\/wp-content\/uploads\/2021\/10\/cropped-Logo_Trasp.png\",\"contentUrl\":\"https:\/\/alessandrabonomini.it\/wp-content\/uploads\/2021\/10\/cropped-Logo_Trasp.png\",\"width\":166,\"height\":170,\"caption\":\"Alessanda Bonomini\"},\"image\":{\"@id\":\"https:\/\/alessandrabonomini.it\/#\/schema\/logo\/image\/\"}}]}<\/script>\n<!-- \/ Yoast SEO plugin. -->","yoast_head_json":{"title":"Privacy - Alessanda Bonomini","robots":{"index":"index","follow":"follow","max-snippet":"max-snippet:-1","max-image-preview":"max-image-preview:large","max-video-preview":"max-video-preview:-1"},"canonical":"https:\/\/alessandrabonomini.it\/privacy\/","og_locale":"en_US","og_type":"article","og_title":"Privacy - Alessanda Bonomini","og_url":"https:\/\/alessandrabonomini.it\/privacy\/","og_site_name":"Alessanda Bonomini","article_modified_time":"2021-10-28T16:10:43+00:00","twitter_card":"summary_large_image","twitter_misc":{"Est. reading time":"15 minutes"},"schema":{"@context":"https:\/\/schema.org","@graph":[{"@type":"WebPage","@id":"https:\/\/alessandrabonomini.it\/privacy\/","url":"https:\/\/alessandrabonomini.it\/privacy\/","name":"Privacy - Alessanda Bonomini","isPartOf":{"@id":"https:\/\/alessandrabonomini.it\/#website"},"datePublished":"2021-10-26T14:36:18+00:00","dateModified":"2021-10-28T16:10:43+00:00","breadcrumb":{"@id":"https:\/\/alessandrabonomini.it\/privacy\/#breadcrumb"},"inLanguage":"en-US","potentialAction":[{"@type":"ReadAction","target":["https:\/\/alessandrabonomini.it\/privacy\/"]}]},{"@type":"BreadcrumbList","@id":"https:\/\/alessandrabonomini.it\/privacy\/#breadcrumb","itemListElement":[{"@type":"ListItem","position":1,"name":"Home","item":"https:\/\/alessandrabonomini.it\/"},{"@type":"ListItem","position":2,"name":"Privacy"}]},{"@type":"WebSite","@id":"https:\/\/alessandrabonomini.it\/#website","url":"https:\/\/alessandrabonomini.it\/","name":"Alessanda Bonomini","description":"Alessanda Bonomini Artista Pittrice","publisher":{"@id":"https:\/\/alessandrabonomini.it\/#organization"},"potentialAction":[{"@type":"SearchAction","target":{"@type":"EntryPoint","urlTemplate":"https:\/\/alessandrabonomini.it\/?s={search_term_string}"},"query-input":{"@type":"PropertyValueSpecification","valueRequired":true,"valueName":"search_term_string"}}],"inLanguage":"en-US"},{"@type":"Organization","@id":"https:\/\/alessandrabonomini.it\/#organization","name":"Alessanda Bonomini","url":"https:\/\/alessandrabonomini.it\/","logo":{"@type":"ImageObject","inLanguage":"en-US","@id":"https:\/\/alessandrabonomini.it\/#\/schema\/logo\/image\/","url":"https:\/\/alessandrabonomini.it\/wp-content\/uploads\/2021\/10\/cropped-Logo_Trasp.png","contentUrl":"https:\/\/alessandrabonomini.it\/wp-content\/uploads\/2021\/10\/cropped-Logo_Trasp.png","width":166,"height":170,"caption":"Alessanda Bonomini"},"image":{"@id":"https:\/\/alessandrabonomini.it\/#\/schema\/logo\/image\/"}}]}},"_links":{"self":[{"href":"https:\/\/alessandrabonomini.it\/en\/wp-json\/wp\/v2\/pages\/925","targetHints":{"allow":["GET"]}}],"collection":[{"href":"https:\/\/alessandrabonomini.it\/en\/wp-json\/wp\/v2\/pages"}],"about":[{"href":"https:\/\/alessandrabonomini.it\/en\/wp-json\/wp\/v2\/types\/page"}],"author":[{"embeddable":true,"href":"https:\/\/alessandrabonomini.it\/en\/wp-json\/wp\/v2\/users\/1"}],"replies":[{"embeddable":true,"href":"https:\/\/alessandrabonomini.it\/en\/wp-json\/wp\/v2\/comments?post=925"}],"version-history":[{"count":19,"href":"https:\/\/alessandrabonomini.it\/en\/wp-json\/wp\/v2\/pages\/925\/revisions"}],"predecessor-version":[{"id":1855,"href":"https:\/\/alessandrabonomini.it\/en\/wp-json\/wp\/v2\/pages\/925\/revisions\/1855"}],"wp:attachment":[{"href":"https:\/\/alessandrabonomini.it\/en\/wp-json\/wp\/v2\/media?parent=925"}],"curies":[{"name":"wp","href":"https:\/\/api.w.org\/{rel}","templated":true}]}}